{"id":2,"date":"2026-01-15T13:30:58","date_gmt":"2026-01-15T12:30:58","guid":{"rendered":"https:\/\/news.weka-ai.de\/?page_id=2"},"modified":"2026-03-30T14:33:08","modified_gmt":"2026-03-30T12:33:08","slug":"beispiel-seite","status":"publish","type":"page","link":"https:\/\/news.weka-ai.de\/","title":{"rendered":"Entdecken Sie unsere neuen Funktionen der WEKA AI"},"content":{"rendered":"<div class=\"wpb-content-wrapper\"><p>[vc_row][vc_column][vc_custom_heading text=&#8220;WEKA AI News &#8211; Alle Neuerungen auf einen Blick&#8220; font_container=&#8220;tag:h1|text_align:left|color:var(&#8211;porto-secondary-color)&#8220; use_theme_fonts=&#8220;yes&#8220; css_params=&#8220;&#8220;][\/vc_column][\/vc_row][vc_row][vc_column][vc_column_text css=&#8220;&#8220; css_params=&#8220;&#8220;]<strong>Willkommen auf unserer Seite <span data-teams=\"true\">zu aktuellen Entwicklungen in der Welt der K\u00fcnstlichen Intelligenz<\/span>! Hier berichten wir regelm\u00e4\u00dfig \u00fcber aktuelle Neuerungen und spannende Innovationen. Bleiben Sie auf dem Laufenden und entdecken Sie, wie KI unsere Zukunft gestaltet.<\/strong><\/p>\n<p>&nbsp;<\/p>\n<h4><strong>Jetzt unser neustes KI Produkt entdecken: <a href=\"https:\/\/www.weka.de\/es\/ai\/\">WEKA Elektrosicherheit AI<\/a><\/strong><\/h4>\n<p>[\/vc_column_text][\/vc_column][\/vc_row][vc_row][vc_column][vc_custom_heading text=&#8220;Archiv, Import &#038; Export&#8220; use_theme_fonts=&#8220;yes&#8220;][\/vc_column][\/vc_row][vc_row][vc_column]<style>.porto-info-list598cb88f00f6c87011aab1eed15cd98e i { color: #99cc00; }<\/style><ul class=\"porto-info-list  porto-info-list598cb88f00f6c87011aab1eed15cd98e wpb_custom_25b962148a59a52f836380aaaeeac8f1\"><li class=\"porto-info-list-item  wpb_custom_eade0171093a7591372ccf9372738e3d\"><i class=\"porto-info-icon fas fa-hand-point-right\"><\/i><div class=\"porto-info-list-item-desc\"><strong>Importieren<\/strong>&nbsp;Sie Word-, PDF- oder PowerPoint-Dateien. Das System verarbeitet die Inhalte automatisch im Hintergrund \u2013 f\u00fcr Zusammenfassungen, Analysen oder neue Textversionen auf Basis Ihrer Dokumente.<\/div><\/li><li class=\"porto-info-list-item  wpb_custom_eade0171093a7591372ccf9372738e3d\"><i class=\"porto-info-icon fas fa-hand-point-right\"><\/i><div class=\"porto-info-list-item-desc\"><strong>Exportieren<\/strong>&nbsp;Sie Ergebnisse direkt als Word- oder PDF-Datei oder kopieren Sie Inhalte per Klick \u00fcber die Zwischenablagefunktion \u2013 ideal f\u00fcr Weitergabe und Dokumentation.<\/div><\/li><li class=\"porto-info-list-item  wpb_custom_eade0171093a7591372ccf9372738e3d\"><i class=\"porto-info-icon fas fa-hand-point-right\"><\/i><div class=\"porto-info-list-item-desc\">Nutzen Sie das <strong>Archiv<\/strong>, um abgeschlossene Chats zu speichern, umzubenennen oder erneut zu \u00f6ffnen. So behalten Sie den \u00dcberblick und schaffen Ihre pers\u00f6nliche Wissensbasis.<\/div><\/li><\/ul>[\/vc_column][\/vc_row][vc_row][vc_column][vc_single_image image=&#8220;11&#8243; img_size=&#8220;medium&#8220; style=&#8220;vc_box_border&#8220; border_color=&#8220;green&#8220; onclick=&#8220;img_link_large&#8220; css=&#8220;.vc_custom_1774359775663{border: 0px initial  !important;}&#8220; lightbox=&#8220;yes&#8220; zoom_icon=&#8220;yes&#8220; css_params=&#8220;&#8220;][\/vc_column][\/vc_row][vc_row][vc_column][vc_column_text css=&#8220;&#8220; css_params=&#8220;&#8220;]Mit den aktuellen Erweiterungen k\u00f6nnen Sie Ihre Inhalte noch effizienter strukturieren, verarbeiten und nutzen.<\/p>\n<p>Probieren Sie die neuen Funktionen jetzt aus und erleben Sie, wie einfach und effizient sich Ihre Arbeitsprozesse mit unserer KI gestalten lassen.[\/vc_column_text][\/vc_column][\/vc_row][vc_row][vc_column][vc_custom_heading text=&#8220;Allgemeine Funktionen:&#8220; use_theme_fonts=&#8220;yes&#8220; css_params=&#8220;&#8220;][\/vc_column][\/vc_row][vc_row][vc_column]<style>.porto-info-list598cb88f00f6c87011aab1eed15cd98e i { color: #99cc00; }<\/style><ul class=\"porto-info-list  porto-info-list598cb88f00f6c87011aab1eed15cd98e wpb_custom_25b962148a59a52f836380aaaeeac8f1\"><li class=\"porto-info-list-item  wpb_custom_eade0171093a7591372ccf9372738e3d\"><i class=\"porto-info-icon fas fa-arrow-alt-circle-right\"><\/i><div class=\"porto-info-list-item-desc\"><strong>Dialogfunktion<\/strong>: Sie k\u00f6nnen mit der KI in einen fortlaufenden Chat treten, Anschlussfragen stellen und so Themen gezielt vertiefen.<\/div><\/li><li class=\"porto-info-list-item  wpb_custom_eade0171093a7591372ccf9372738e3d\"><i class=\"porto-info-icon fas fa-arrow-alt-circle-right\"><\/i><div class=\"porto-info-list-item-desc\"><strong>Kontextbezogene Antworten<\/strong>: Die Antworten basieren ausschlie\u00dflich auf den gepr\u00fcften WEKA Inhalten.<\/div><\/li><li class=\"porto-info-list-item  wpb_custom_eade0171093a7591372ccf9372738e3d\"><i class=\"porto-info-icon fas fa-arrow-alt-circle-right\"><\/i><div class=\"porto-info-list-item-desc\"><strong>Quellenangaben<\/strong>: Zu jeder Antwort erhalten Sie die genutzten Quellen, die Sie direkt aufrufen k\u00f6nnen. Es existiert in den Quellen Verlinkungen in die entsprechenden Rechtstexte.<\/div><\/li><li class=\"porto-info-list-item  wpb_custom_eade0171093a7591372ccf9372738e3d\"><i class=\"porto-info-icon fas fa-arrow-alt-circle-right\"><\/i><div class=\"porto-info-list-item-desc\"><strong>Automatische Speicherung des Chatverlaufs<\/strong>: Ihre Fragen und Antworten werden automatisch im Archiv gespeichert und sind f\u00fcr Sie jederzeit einsehbar.<\/div><\/li><li class=\"porto-info-list-item  wpb_custom_eade0171093a7591372ccf9372738e3d\"><i class=\"porto-info-icon fas fa-arrow-alt-circle-right\"><\/i><div class=\"porto-info-list-item-desc\"><strong>Kopierfunktion<\/strong>: Sie k\u00f6nnen Ihre Antworten bequem in Ihre eigenen Dokumente \u00fcbernehmen.<\/div><\/li><li class=\"porto-info-list-item  wpb_custom_eade0171093a7591372ccf9372738e3d\"><i class=\"porto-info-icon fas fa-arrow-alt-circle-right\"><\/i><div class=\"porto-info-list-item-desc\"><strong>Feedbackm\u00f6glichkeit<\/strong>: Sie k\u00f6nnen Feedback zu den Antworten geben, um die Qualit\u00e4t weiter zu verbessern.<\/div><\/li><\/ul>[\/vc_column][\/vc_row]<\/p>\n<\/div>","protected":false},"excerpt":{"rendered":"<p>[vc_row][vc_column][vc_custom_heading text=&#8220;WEKA AI News &#8211; Alle Neuerungen auf einen Blick&#8220; font_container=&#8220;tag:h1|text_align:left|color:var(&#8211;porto-secondary-color)&#8220; use_theme_fonts=&#8220;yes&#8220; css_params=&#8220;&#8220;][\/vc_column][\/vc_row][vc_row][vc_column][vc_column_text css=&#8220;&#8220; css_params=&#8220;&#8220;]Willkommen auf unserer Seite zu aktuellen Entwicklungen in der Welt der K\u00fcnstlichen Intelligenz! Hier berichten wir regelm\u00e4\u00dfig \u00fcber aktuelle Neuerungen und spannende Innovationen. Bleiben Sie auf dem Laufenden und entdecken Sie, wie KI unsere Zukunft gestaltet. &nbsp; Jetzt unser neustes KI [&hellip;]<\/p>\n","protected":false},"author":1,"featured_media":0,"parent":0,"menu_order":0,"comment_status":"closed","ping_status":"open","template":"","meta":{"footnotes":""},"class_list":["post-2","page","type-page","status-publish","hentry"],"_links":{"self":[{"href":"https:\/\/news.weka-ai.de\/index.php?rest_route=\/wp\/v2\/pages\/2","targetHints":{"allow":["GET"]}}],"collection":[{"href":"https:\/\/news.weka-ai.de\/index.php?rest_route=\/wp\/v2\/pages"}],"about":[{"href":"https:\/\/news.weka-ai.de\/index.php?rest_route=\/wp\/v2\/types\/page"}],"author":[{"embeddable":true,"href":"https:\/\/news.weka-ai.de\/index.php?rest_route=\/wp\/v2\/users\/1"}],"replies":[{"embeddable":true,"href":"https:\/\/news.weka-ai.de\/index.php?rest_route=%2Fwp%2Fv2%2Fcomments&post=2"}],"version-history":[{"count":23,"href":"https:\/\/news.weka-ai.de\/index.php?rest_route=\/wp\/v2\/pages\/2\/revisions"}],"predecessor-version":[{"id":74,"href":"https:\/\/news.weka-ai.de\/index.php?rest_route=\/wp\/v2\/pages\/2\/revisions\/74"}],"wp:attachment":[{"href":"https:\/\/news.weka-ai.de\/index.php?rest_route=%2Fwp%2Fv2%2Fmedia&parent=2"}],"curies":[{"name":"wp","href":"https:\/\/api.w.org\/{rel}","templated":true}]}}